{"id":5158,"date":"2016-04-04T15:13:17","date_gmt":"2016-04-04T13:13:17","guid":{"rendered":"https:\/\/www.alessandravita.com\/?page_id=5158"},"modified":"2020-03-04T12:35:54","modified_gmt":"2020-03-04T11:35:54","slug":"traductora-e-interprete-ingles-aleman-italiano-espanol-en-milan","status":"publish","type":"page","link":"https:\/\/www.alessandravita.com\/wp\/es\/traductora-e-interprete-ingles-aleman-italiano-espanol-en-milan\/","title":{"rendered":"Traductor e int\u00e9rprete ingl\u00e9s &#8211; italiano en Mil\u00e1n"},"content":{"rendered":"<p style=\"text-align: center;\">\u00bfNecesita un&nbsp;<strong>traductor e int\u00e9rprete de ingl\u00e9s &#8211; italiano en Mil\u00e1n<\/strong>? \u00a1Entonces ha llegado al sitio indicado!<\/p>\n<p style=\"text-align: justify;\"><img loading=\"lazy\" class=\"aligncenter size-full wp-image-6819\" src=\"https:\/\/www.alessandravita.com\/wp\/wp-content\/uploads\/2020\/02\/assignments_specialized_translators.png\" alt=\"\" width=\"2000\" height=\"1159\" srcset=\"https:\/\/www.alessandravita.com\/wp\/wp-content\/uploads\/2020\/02\/assignments_specialized_translators.png 2000w, https:\/\/www.alessandravita.com\/wp\/wp-content\/uploads\/2020\/02\/assignments_specialized_translators-300x174.png 300w, https:\/\/www.alessandravita.com\/wp\/wp-content\/uploads\/2020\/02\/assignments_specialized_translators-768x445.png 768w, https:\/\/www.alessandravita.com\/wp\/wp-content\/uploads\/2020\/02\/assignments_specialized_translators-1024x593.png 1024w, https:\/\/www.alessandravita.com\/wp\/wp-content\/uploads\/2020\/02\/assignments_specialized_translators-150x87.png 150w\" sizes=\"(max-width: 2000px) 100vw, 2000px\" \/><\/p>\n<p style=\"text-align: justify;\">Me llamo <span style=\"color: #0000ff;\"><strong><span style=\"text-decoration: underline;\"><a style=\"color: #0000ff; text-decoration: underline;\" href=\"https:\/\/www.alessandravita.com\/wp\/es\/experiencia\" target=\"_blank\" rel=\"noopener noreferrer\">Alessandra Vita<\/a><\/span><\/strong><\/span> y soy traductora e int\u00e9rprete de conferencias, as\u00ed como fundadora y gerente de la empresa de traducci\u00f3n e interpretaci\u00f3n, <span style=\"text-decoration: underline;\"><span style=\"color: #0000ff;\"><a style=\"color: #0000ff;\" href=\"http:\/\/www.specializedtranslators.com\/\" target=\"_blank\" rel=\"noopener noreferrer\"><strong>Specialized Translators<\/strong><\/a><\/span><\/span>.<\/p>\n<p>Tal y como sugiere el nombre, nuestro ingrediente no tan secreto para brindar a nuestros clientes <strong>solo y exclusivamente la m\u00e1xima calidad <\/strong>es la <strong>especializaci\u00f3n<\/strong>. Mi equipo est\u00e1 compuesto por ling\u00fcistas profesionales en todo el mundo, con distintos idiomas y \u00e1mbitos de especialidad.<\/p>\n<p style=\"text-align: justify;\">No le quepa duda de que contamos con los profesionales perfectos para su caso concreto, tanto si se trata de una traducci\u00f3n escrita como de una interpretaci\u00f3n (traducci\u00f3n oral) de un evento peque\u00f1o o grande, o en general de cualquier otra necesidad ling\u00fc\u00edstica.<\/p>\n<p style=\"text-align: justify;\"><a href=\"https:\/\/www.alessandravita.com\/wp\/es\/#contact-area\" class=\"woo-sc-button  custom\" style=\"background:#395FD6;border-color:#395FD6\"><span class=\"woo-\">Contacto<\/span><\/a><\/p>\n<p style=\"text-align: justify;\">Si desea recibir un presupuesto o tuviera alguna duda o pregunta, no dude en contactar con nosotros. Puede elegir entre las siguientes opciones:<\/p>\n<ul style=\"text-align: justify;\">\n<li>enviar un correo a <strong>info@alessandravita.com <\/strong>o <strong>info@specializedtranslators.com<\/strong><\/li>\n<li>llamarme al n\u00famero (<strong>+34) 689 659 118<\/strong><\/li>\n<li>encontrar m\u00e1s informaci\u00f3n en mi&nbsp;<span style=\"text-decoration: underline;\"><span style=\"color: #0000ff; text-decoration: underline;\"><strong><a href=\"https:\/\/www.alessandravita.com\/wp\/es\/\" target=\"_blank\" rel=\"noopener noreferrer\"><span style=\"color: #0000ff; text-decoration: underline;\">p\u00e1gina web personal<\/span><\/a><\/strong><\/span><\/span><span style=\"color: #0000ff;\"><span style=\"color: #000000;\"> o en la<\/span> <a style=\"color: #0000ff;\" href=\"http:\/\/specializedtranslators.com\" target=\"_blank\" rel=\"noopener noreferrer\"><span style=\"text-decoration: underline;\"><strong>p\u00e1gina web de <\/strong><strong>Specialized Translators<\/strong><\/span><\/a><span style=\"color: #000000;\">.<\/span><\/span><\/li>\n<\/ul>\n<p style=\"text-align: justify;\">Ser\u00e1 un placer atenderle y colaborar con usted.<\/p>\n\n\n<p><\/p>\n","protected":false},"excerpt":{"rendered":"<p>\u00bfNecesita un&nbsp;traductor e int\u00e9rprete de ingl\u00e9s &#8211; italiano en Mil\u00e1n? \u00a1Entonces ha llegado al sitio indicado! Me llamo Alessandra Vita y soy traductora e int\u00e9rprete de conferencias, as\u00ed como fundadora y gerente de la empresa de traducci\u00f3n e interpretaci\u00f3n, Specialized Translators. Tal y como sugiere el nombre, nuestro ingrediente no tan secreto para brindar a [&hellip;]<\/p>\n","protected":false},"author":1,"featured_media":2618,"parent":0,"menu_order":0,"comment_status":"open","ping_status":"closed","template":"template-fullwidth.php","meta":{"spay_email":""},"jetpack_shortlink":"https:\/\/wp.me\/P3hJSa-1lc","jetpack_sharing_enabled":true,"_links":{"self":[{"href":"https:\/\/www.alessandravita.com\/wp\/es\/wp-json\/wp\/v2\/pages\/5158\/"}],"collection":[{"href":"https:\/\/www.alessandravita.com\/wp\/es\/wp-json\/wp\/v2\/pages\/"}],"about":[{"href":"https:\/\/www.alessandravita.com\/wp\/es\/wp-json\/wp\/v2\/types\/page\/"}],"author":[{"embeddable":true,"href":"https:\/\/www.alessandravita.com\/wp\/es\/wp-json\/wp\/v2\/users\/1\/"}],"replies":[{"embeddable":true,"href":"https:\/\/www.alessandravita.com\/wp\/es\/wp-json\/wp\/v2\/comments\/?post=5158"}],"version-history":[{"count":5,"href":"https:\/\/www.alessandravita.com\/wp\/es\/wp-json\/wp\/v2\/pages\/5158\/revisions\/"}],"predecessor-version":[{"id":8108,"href":"https:\/\/www.alessandravita.com\/wp\/es\/wp-json\/wp\/v2\/pages\/5158\/revisions\/8108\/"}],"wp:featuredmedia":[{"embeddable":true,"href":"https:\/\/www.alessandravita.com\/wp\/es\/wp-json\/wp\/v2\/media\/2618\/"}],"wp:attachment":[{"href":"https:\/\/www.alessandravita.com\/wp\/es\/wp-json\/wp\/v2\/media\/?parent=5158"}],"curies":[{"name":"wp","href":"https:\/\/api.w.org\/{rel}","templated":true}]}}